{"id":40,"date":"2025-10-29T20:05:45","date_gmt":"2025-10-29T20:05:45","guid":{"rendered":"https:\/\/doray.academypm.net\/?page_id=40"},"modified":"2026-03-30T20:16:21","modified_gmt":"2026-03-30T20:16:21","slug":"media-and-partners","status":"publish","type":"page","link":"https:\/\/doray.academypm.net\/es\/media-and-partners\/","title":{"rendered":"Medios y socios"},"content":{"rendered":"<div data-elementor-type=\"wp-page\" data-elementor-id=\"40\" class=\"elementor elementor-40\" data-elementor-post-type=\"page\">\n\t\t\t\t<div class=\"elementor-element elementor-element-7706601d e-flex e-con-boxed wpr-particle-no wpr-jarallax-no wpr-parallax-no wpr-sticky-section-no wpr-equal-height-no e-con e-parent\" data-id=\"7706601d\" data-element_type=\"container\" data-e-type=\"container\" data-settings=\"{&quot;background_background&quot;:&quot;video&quot;,&quot;background_video_link&quot;:&quot;\\\/wp-content\\\/uploads\\\/2025\\\/11\\\/Concert_Crowd_26_eGzkJn.remuxed.mov&quot;,&quot;background_play_on_mobile&quot;:&quot;yes&quot;}\">\n\t\t\t\t\t<div class=\"e-con-inner\">\n\t\t<div class=\"elementor-background-video-container\">\n\t\t\t\t\t\t\t<video class=\"elementor-background-video-hosted\" role=\"presentation\" autoplay muted playsinline loop><\/video>\n\t\t\t\t\t<\/div>\t\t<div class=\"elementor-element elementor-element-8bf9c78 elementor-widget elementor-widget-heading\" data-id=\"8bf9c78\" data-element_type=\"widget\" data-e-type=\"widget\" data-widget_type=\"heading.default\">\n\t\t\t\t\t<h2 class=\"elementor-heading-title elementor-size-default\">Nuestra trayectoria cuenta con el respaldo de los medios de comunicaci\u00f3n y de nuestros socios m\u00e1s importantes.\n<\/h2>\t\t\t\t<\/div>\n\t\t\t\t<div class=\"elementor-element elementor-element-a40df35 elementor-widget elementor-widget-heading\" data-id=\"a40df35\" data-element_type=\"widget\" data-e-type=\"widget\" data-widget_type=\"heading.default\">\n\t\t\t\t\t<h1 class=\"elementor-heading-title elementor-size-default\">MEDIOS Y SOCIOS\n\n<\/h1>\t\t\t\t<\/div>\n\t\t<div class=\"elementor-element elementor-element-524cb6ec e-con-full e-flex wpr-particle-no wpr-jarallax-no wpr-parallax-no wpr-sticky-section-no wpr-equal-height-no e-con e-child\" data-id=\"524cb6ec\" data-element_type=\"container\" data-e-type=\"container\">\n\t\t\t\t<div class=\"elementor-element elementor-element-615527da elementor-mobile-align-center e-transform elementor-widget elementor-widget-button\" data-id=\"615527da\" data-element_type=\"widget\" data-e-type=\"widget\" data-settings=\"{&quot;_transform_scale_effect_hover&quot;:{&quot;unit&quot;:&quot;px&quot;,&quot;size&quot;:1.1,&quot;sizes&quot;:[]},&quot;_transform_scale_effect_hover_tablet&quot;:{&quot;unit&quot;:&quot;px&quot;,&quot;size&quot;:&quot;&quot;,&quot;sizes&quot;:[]},&quot;_transform_scale_effect_hover_mobile&quot;:{&quot;unit&quot;:&quot;px&quot;,&quot;size&quot;:&quot;&quot;,&quot;sizes&quot;:[]}}\" data-widget_type=\"button.default\">\n\t\t\t\t\t\t\t\t\t\t<a class=\"elementor-button elementor-button-link elementor-size-sm\" href=\"https:\/\/doray.academypm.net\/es\/upcoming-events\/\">\n\t\t\t\t\t\t<span class=\"elementor-button-content-wrapper\">\n\t\t\t\t\t\t\t\t\t<span class=\"elementor-button-text\">Ver los pr\u00f3ximos eventos<\/span>\n\t\t\t\t\t<\/span>\n\t\t\t\t\t<\/a>\n\t\t\t\t\t\t\t\t<\/div>\n\t\t\t\t<div class=\"elementor-element elementor-element-59722530 e-transform elementor-widget elementor-widget-button\" data-id=\"59722530\" data-element_type=\"widget\" data-e-type=\"widget\" data-settings=\"{&quot;_transform_scale_effect_hover&quot;:{&quot;unit&quot;:&quot;px&quot;,&quot;size&quot;:1.1,&quot;sizes&quot;:[]},&quot;_transform_scale_effect_hover_tablet&quot;:{&quot;unit&quot;:&quot;px&quot;,&quot;size&quot;:&quot;&quot;,&quot;sizes&quot;:[]},&quot;_transform_scale_effect_hover_mobile&quot;:{&quot;unit&quot;:&quot;px&quot;,&quot;size&quot;:&quot;&quot;,&quot;sizes&quot;:[]}}\" data-widget_type=\"button.default\">\n\t\t\t\t\t\t\t\t\t\t<a class=\"elementor-button elementor-button-link elementor-size-sm\" href=\"https:\/\/doray.academypm.net\/es\/contact\/\">\n\t\t\t\t\t\t<span class=\"elementor-button-content-wrapper\">\n\t\t\t\t\t\t\t\t\t<span class=\"elementor-button-text\">Solicita un presupuesto<\/span>\n\t\t\t\t\t<\/span>\n\t\t\t\t\t<\/a>\n\t\t\t\t\t\t\t\t<\/div>\n\t\t\t\t<\/div>\n\t\t\t\t\t<\/div>\n\t\t\t\t<\/div>\n\t\t<div class=\"elementor-element elementor-element-42fd9139 e-flex e-con-boxed wpr-particle-no wpr-jarallax-no wpr-parallax-no wpr-sticky-section-no wpr-equal-height-no e-con e-parent\" data-id=\"42fd9139\" data-element_type=\"container\" data-e-type=\"container\" data-settings=\"{&quot;background_background&quot;:&quot;classic&quot;}\">\n\t\t\t\t\t<div class=\"e-con-inner\">\n\t\t<div class=\"elementor-element elementor-element-2fb828ae e-grid e-con-full wpr-particle-no wpr-jarallax-no wpr-parallax-no wpr-sticky-section-no wpr-equal-height-no e-con e-child\" data-id=\"2fb828ae\" data-element_type=\"container\" data-e-type=\"container\">\n\t\t\t\t<div class=\"elementor-element elementor-element-89da655 elementor-widget elementor-widget-image\" data-id=\"89da655\" data-element_type=\"widget\" data-e-type=\"widget\" data-widget_type=\"image.default\">\n\t\t\t\t\t\t\t\t\t\t\t\t\t\t\t<img fetchpriority=\"high\" decoding=\"async\" width=\"960\" height=\"640\" src=\"https:\/\/doray.academypm.net\/wp-content\/uploads\/2026\/03\/WhatsApp-Image-2026-03-20-at-1.09.14-PM.jpeg\" class=\"attachment-1536x1536 size-1536x1536 wp-image-946\" alt=\"\" srcset=\"https:\/\/doray.academypm.net\/wp-content\/uploads\/2026\/03\/WhatsApp-Image-2026-03-20-at-1.09.14-PM.jpeg 960w, https:\/\/doray.academypm.net\/wp-content\/uploads\/2026\/03\/WhatsApp-Image-2026-03-20-at-1.09.14-PM-300x200.jpeg 300w, https:\/\/doray.academypm.net\/wp-content\/uploads\/2026\/03\/WhatsApp-Image-2026-03-20-at-1.09.14-PM-768x512.jpeg 768w\" sizes=\"(max-width: 960px) 100vw, 960px\" \/>\t\t\t\t\t\t\t\t\t\t\t\t\t\t\t<\/div>\n\t\t<div class=\"elementor-element elementor-element-5c2f792b e-con-full e-flex wpr-particle-no wpr-jarallax-no wpr-parallax-no wpr-sticky-section-no wpr-equal-height-no e-con e-child\" data-id=\"5c2f792b\" data-element_type=\"container\" data-e-type=\"container\">\n\t\t\t\t<div class=\"elementor-element elementor-element-71f7543e elementor-widget elementor-widget-heading\" data-id=\"71f7543e\" data-element_type=\"widget\" data-e-type=\"widget\" data-widget_type=\"heading.default\">\n\t\t\t\t\t<h3 class=\"elementor-heading-title elementor-size-default\">Doray Castillo \u00b7 Organizaci\u00f3n de eventos<\/h3>\t\t\t\t<\/div>\n\t\t\t\t<div class=\"elementor-element elementor-element-74b171e3 elementor-widget elementor-widget-text-editor\" data-id=\"74b171e3\" data-element_type=\"widget\" data-e-type=\"widget\" data-widget_type=\"text-editor.default\">\n\t\t\t\t\t\t\t\t\t<p>La revista Rostros presenta a Doray como una mujer que ha convertido la gesti\u00f3n empresarial en una forma de arte viva. Su historia se desarrolla entre oficinas, repartidores y escenarios, demostrando c\u00f3mo la t\u00e9cnica puede ser emotiva y c\u00f3mo la producci\u00f3n puede tener alma. El art\u00edculo analiza su evoluci\u00f3n, su disciplina y su capacidad para convertir cada evento en una experiencia memorable.<\/p>\t\t\t\t\t\t\t\t<\/div>\n\t\t\t\t<div class=\"elementor-element elementor-element-fd3f854 elementor-mobile-align-center e-transform elementor-widget elementor-widget-button\" data-id=\"fd3f854\" data-element_type=\"widget\" data-e-type=\"widget\" data-settings=\"{&quot;_transform_scale_effect_hover&quot;:{&quot;unit&quot;:&quot;px&quot;,&quot;size&quot;:1.1,&quot;sizes&quot;:[]},&quot;_transform_scale_effect_hover_tablet&quot;:{&quot;unit&quot;:&quot;px&quot;,&quot;size&quot;:&quot;&quot;,&quot;sizes&quot;:[]},&quot;_transform_scale_effect_hover_mobile&quot;:{&quot;unit&quot;:&quot;px&quot;,&quot;size&quot;:&quot;&quot;,&quot;sizes&quot;:[]}}\" data-widget_type=\"button.default\">\n\t\t\t\t\t\t\t\t\t\t<a class=\"elementor-button elementor-button-link elementor-size-sm\" href=\"https:\/\/www.rostrosmagazine.com\/post\/doray_castillo\" target=\"_blank\">\n\t\t\t\t\t\t<span class=\"elementor-button-content-wrapper\">\n\t\t\t\t\t\t\t\t\t<span class=\"elementor-button-text\">Lee la entrevista completa<\/span>\n\t\t\t\t\t<\/span>\n\t\t\t\t\t<\/a>\n\t\t\t\t\t\t\t\t<\/div>\n\t\t\t\t<\/div>\n\t\t\t\t<\/div>\n\t\t<div class=\"elementor-element elementor-element-7dea46e e-grid e-con-full wpr-particle-no wpr-jarallax-no wpr-parallax-no wpr-sticky-section-no wpr-equal-height-no e-con e-child\" data-id=\"7dea46e\" data-element_type=\"container\" data-e-type=\"container\">\n\t\t\t\t<div class=\"elementor-element elementor-element-f2d72ba elementor-widget elementor-widget-image\" data-id=\"f2d72ba\" data-element_type=\"widget\" data-e-type=\"widget\" data-widget_type=\"image.default\">\n\t\t\t\t\t\t\t\t\t\t\t\t\t\t\t<img decoding=\"async\" width=\"1152\" height=\"1536\" src=\"https:\/\/doray.academypm.net\/wp-content\/uploads\/2025\/11\/Doray3.jpg\" class=\"attachment-1536x1536 size-1536x1536 wp-image-591\" alt=\"\" srcset=\"https:\/\/doray.academypm.net\/wp-content\/uploads\/2025\/11\/Doray3.jpg 1152w, https:\/\/doray.academypm.net\/wp-content\/uploads\/2025\/11\/Doray3-225x300.jpg 225w, https:\/\/doray.academypm.net\/wp-content\/uploads\/2025\/11\/Doray3-768x1024.jpg 768w\" sizes=\"(max-width: 1152px) 100vw, 1152px\" \/>\t\t\t\t\t\t\t\t\t\t\t\t\t\t\t<\/div>\n\t\t<div class=\"elementor-element elementor-element-3de5660c e-con-full e-flex wpr-particle-no wpr-jarallax-no wpr-parallax-no wpr-sticky-section-no wpr-equal-height-no e-con e-child\" data-id=\"3de5660c\" data-element_type=\"container\" data-e-type=\"container\">\n\t\t\t\t<div class=\"elementor-element elementor-element-2c2fe701 elementor-widget elementor-widget-heading\" data-id=\"2c2fe701\" data-element_type=\"widget\" data-e-type=\"widget\" data-widget_type=\"heading.default\">\n\t\t\t\t\t<h3 class=\"elementor-heading-title elementor-size-default\">Organizaci\u00f3n de eventos y apoyo a la cultura<\/h3>\t\t\t\t<\/div>\n\t\t\t\t<div class=\"elementor-element elementor-element-42883ba2 elementor-widget elementor-widget-text-editor\" data-id=\"42883ba2\" data-element_type=\"widget\" data-e-type=\"widget\" data-widget_type=\"text-editor.default\">\n\t\t\t\t\t\t\t\t\t<p>Movida Hispana presenta a Doray como una productora de eventos que va m\u00e1s all\u00e1 de la simple organizaci\u00f3n de espect\u00e1culos: ella promueve la cultura. La entrevista en v\u00eddeo revela su visi\u00f3n, su compromiso con la comunidad latina y su enfoque de cada evento como un acto de conexi\u00f3n. No se trata solo de log\u00edstica, sino de un prop\u00f3sito. Se trata de crear espacios donde el arte pueda prosperar y el p\u00fablico pueda encontrar un sentido de pertenencia.<\/p>\t\t\t\t\t\t\t\t<\/div>\n\t\t\t\t<div class=\"elementor-element elementor-element-41781f7 elementor-mobile-align-center e-transform elementor-widget elementor-widget-button\" data-id=\"41781f7\" data-element_type=\"widget\" data-e-type=\"widget\" data-settings=\"{&quot;_transform_scale_effect_hover&quot;:{&quot;unit&quot;:&quot;px&quot;,&quot;size&quot;:1.1,&quot;sizes&quot;:[]},&quot;_transform_scale_effect_hover_tablet&quot;:{&quot;unit&quot;:&quot;px&quot;,&quot;size&quot;:&quot;&quot;,&quot;sizes&quot;:[]},&quot;_transform_scale_effect_hover_mobile&quot;:{&quot;unit&quot;:&quot;px&quot;,&quot;size&quot;:&quot;&quot;,&quot;sizes&quot;:[]}}\" data-widget_type=\"button.default\">\n\t\t\t\t\t\t\t\t\t\t<a class=\"elementor-button elementor-button-link elementor-size-sm\" href=\"https:\/\/movidahispana.com\/qtvideo\/doray-castillo-producir-eventos-y-apoyar-a-la-cultura\/\" target=\"_blank\">\n\t\t\t\t\t\t<span class=\"elementor-button-content-wrapper\">\n\t\t\t\t\t\t\t\t\t<span class=\"elementor-button-text\">Mira la entrevista en v\u00eddeo<\/span>\n\t\t\t\t\t<\/span>\n\t\t\t\t\t<\/a>\n\t\t\t\t\t\t\t\t<\/div>\n\t\t\t\t<\/div>\n\t\t\t\t<\/div>\n\t\t<div class=\"elementor-element elementor-element-3548ea1a e-grid e-con-full wpr-particle-no wpr-jarallax-no wpr-parallax-no wpr-sticky-section-no wpr-equal-height-no e-con e-child\" data-id=\"3548ea1a\" data-element_type=\"container\" data-e-type=\"container\">\n\t\t\t\t<div class=\"elementor-element elementor-element-1e2d3ec elementor-widget elementor-widget-image\" data-id=\"1e2d3ec\" data-element_type=\"widget\" data-e-type=\"widget\" data-widget_type=\"image.default\">\n\t\t\t\t\t\t\t\t\t\t\t\t\t\t\t<img decoding=\"async\" width=\"1186\" height=\"1536\" src=\"https:\/\/doray.academypm.net\/wp-content\/uploads\/2026\/03\/WhatsApp-Image-2026-03-30-at-4.15.03-PM-1186x1536.jpeg\" class=\"attachment-1536x1536 size-1536x1536 wp-image-1179\" alt=\"\" srcset=\"https:\/\/doray.academypm.net\/wp-content\/uploads\/2026\/03\/WhatsApp-Image-2026-03-30-at-4.15.03-PM-1186x1536.jpeg 1186w, https:\/\/doray.academypm.net\/wp-content\/uploads\/2026\/03\/WhatsApp-Image-2026-03-30-at-4.15.03-PM-232x300.jpeg 232w, https:\/\/doray.academypm.net\/wp-content\/uploads\/2026\/03\/WhatsApp-Image-2026-03-30-at-4.15.03-PM-790x1024.jpeg 790w, https:\/\/doray.academypm.net\/wp-content\/uploads\/2026\/03\/WhatsApp-Image-2026-03-30-at-4.15.03-PM-768x995.jpeg 768w, https:\/\/doray.academypm.net\/wp-content\/uploads\/2026\/03\/WhatsApp-Image-2026-03-30-at-4.15.03-PM-9x12.jpeg 9w, https:\/\/doray.academypm.net\/wp-content\/uploads\/2026\/03\/WhatsApp-Image-2026-03-30-at-4.15.03-PM.jpeg 1205w\" sizes=\"(max-width: 1186px) 100vw, 1186px\" \/>\t\t\t\t\t\t\t\t\t\t\t\t\t\t\t<\/div>\n\t\t<div class=\"elementor-element elementor-element-63cc53d4 e-con-full e-flex wpr-particle-no wpr-jarallax-no wpr-parallax-no wpr-sticky-section-no wpr-equal-height-no e-con e-child\" data-id=\"63cc53d4\" data-element_type=\"container\" data-e-type=\"container\">\n\t\t\t\t<div class=\"elementor-element elementor-element-8602cf elementor-widget elementor-widget-heading\" data-id=\"8602cf\" data-element_type=\"widget\" data-e-type=\"widget\" data-widget_type=\"heading.default\">\n\t\t\t\t\t<h3 class=\"elementor-heading-title elementor-size-default\">Una mujer de Barquisimeto que ha triunfado en Estados Unidos<\/h3>\t\t\t\t<\/div>\n\t\t\t\t<div class=\"elementor-element elementor-element-7e6be2fa elementor-widget elementor-widget-text-editor\" data-id=\"7e6be2fa\" data-element_type=\"widget\" data-e-type=\"widget\" data-widget_type=\"text-editor.default\">\n\t\t\t\t\t\t\t\t\t<p>El Impulso narra el recorrido de Doray desde Barquisimeto hasta Houston, destacando su papel como embajadora cultural. El art\u00edculo elogia su capacidad no solo para producir con excelencia, sino tambi\u00e9n para representar a su pa\u00eds con orgullo. Cada evento que organiza lleva consigo una parte de su historia, de su pa\u00eds y de su visi\u00f3n. Y eso la convierte en mucho m\u00e1s que una simple productora: es una voz unificadora.<\/p>\t\t\t\t\t\t\t\t<\/div>\n\t\t\t\t<div class=\"elementor-element elementor-element-aea46ec elementor-mobile-align-center e-transform elementor-align-left elementor-widget elementor-widget-button\" data-id=\"aea46ec\" data-element_type=\"widget\" data-e-type=\"widget\" data-settings=\"{&quot;_transform_scale_effect_hover&quot;:{&quot;unit&quot;:&quot;px&quot;,&quot;size&quot;:1.1,&quot;sizes&quot;:[]},&quot;_transform_scale_effect_hover_tablet&quot;:{&quot;unit&quot;:&quot;px&quot;,&quot;size&quot;:&quot;&quot;,&quot;sizes&quot;:[]},&quot;_transform_scale_effect_hover_mobile&quot;:{&quot;unit&quot;:&quot;px&quot;,&quot;size&quot;:&quot;&quot;,&quot;sizes&quot;:[]}}\" data-widget_type=\"button.default\">\n\t\t\t\t\t\t\t\t\t\t<a class=\"elementor-button elementor-button-link elementor-size-sm\" href=\"https:\/\/www.elimpulso.com\/2023\/01\/27\/fotos-doray-castillo-una-barquisimetana-que-triunfa-en-estados-unidos-produciendo-espectaculos\/\" target=\"_blank\">\n\t\t\t\t\t\t<span class=\"elementor-button-content-wrapper\">\n\t\t\t\t\t\t\t\t\t<span class=\"elementor-button-text\">Lee el art\u00edculo completo<\/span>\n\t\t\t\t\t<\/span>\n\t\t\t\t\t<\/a>\n\t\t\t\t\t\t\t\t<\/div>\n\t\t\t\t<\/div>\n\t\t\t\t<\/div>\n\t\t\t\t\t<\/div>\n\t\t\t\t<\/div>\n\t\t<div class=\"elementor-element elementor-element-21c558e1 e-flex e-con-boxed wpr-particle-no wpr-jarallax-no wpr-parallax-no wpr-sticky-section-no wpr-equal-height-no e-con e-parent\" data-id=\"21c558e1\" data-element_type=\"container\" data-e-type=\"container\" data-settings=\"{&quot;background_background&quot;:&quot;classic&quot;}\">\n\t\t\t\t\t<div class=\"e-con-inner\">\n\t\t<div class=\"elementor-element elementor-element-4c2d0287 e-con-full e-flex wpr-particle-no wpr-jarallax-no wpr-parallax-no wpr-sticky-section-no wpr-equal-height-no e-con e-child\" data-id=\"4c2d0287\" data-element_type=\"container\" data-e-type=\"container\">\n\t\t\t\t<div class=\"elementor-element elementor-element-b72924e elementor-widget elementor-widget-heading\" data-id=\"b72924e\" data-element_type=\"widget\" data-e-type=\"widget\" data-widget_type=\"heading.default\">\n\t\t\t\t\t<h2 class=\"elementor-heading-title elementor-size-default\">\u00bfListo para producir tu pr\u00f3ximo espect\u00e1culo?\n<\/h2>\t\t\t\t<\/div>\n\t\t\t\t<\/div>\n\t\t<div class=\"elementor-element elementor-element-1cf5dcc4 e-con-full e-flex wpr-particle-no wpr-jarallax-no wpr-parallax-no wpr-sticky-section-no wpr-equal-height-no e-con e-child\" data-id=\"1cf5dcc4\" data-element_type=\"container\" data-e-type=\"container\">\n\t\t\t\t<div class=\"elementor-element elementor-element-6f8f5b6a e-transform elementor-widget elementor-widget-button\" data-id=\"6f8f5b6a\" data-element_type=\"widget\" data-e-type=\"widget\" data-settings=\"{&quot;_transform_scale_effect_hover&quot;:{&quot;unit&quot;:&quot;px&quot;,&quot;size&quot;:1.1,&quot;sizes&quot;:[]},&quot;_transform_scale_effect_hover_tablet&quot;:{&quot;unit&quot;:&quot;px&quot;,&quot;size&quot;:&quot;&quot;,&quot;sizes&quot;:[]},&quot;_transform_scale_effect_hover_mobile&quot;:{&quot;unit&quot;:&quot;px&quot;,&quot;size&quot;:&quot;&quot;,&quot;sizes&quot;:[]}}\" data-widget_type=\"button.default\">\n\t\t\t\t\t\t\t\t\t\t<a class=\"elementor-button elementor-button-link elementor-size-sm\" href=\"https:\/\/doray.academypm.net\/es\/contact\/\">\n\t\t\t\t\t\t<span class=\"elementor-button-content-wrapper\">\n\t\t\t\t\t\t\t\t\t<span class=\"elementor-button-text\">Solicita un presupuesto<\/span>\n\t\t\t\t\t<\/span>\n\t\t\t\t\t<\/a>\n\t\t\t\t\t\t\t\t<\/div>\n\t\t\t\t<\/div>\n\t\t\t\t\t<\/div>\n\t\t\t\t<\/div>\n\t\t<div class=\"elementor-element elementor-element-5fd18a37 e-con-full e-flex wpr-particle-no wpr-jarallax-no wpr-parallax-no wpr-sticky-section-no wpr-equal-height-no e-con e-parent\" data-id=\"5fd18a37\" data-element_type=\"container\" data-e-type=\"container\">\n\t\t\t\t<div class=\"elementor-element elementor-element-f82a93b elementor-widget elementor-widget-google_maps\" data-id=\"f82a93b\" data-element_type=\"widget\" data-e-type=\"widget\" data-widget_type=\"google_maps.default\">\n\t\t\t\t\t\t\t<div class=\"elementor-custom-embed\">\n\t\t\t<iframe loading=\"lazy\"\n\t\t\t\t\tsrc=\"https:\/\/maps.google.com\/maps?q=Houston%2C%20Texas&#038;t=m&#038;z=10&#038;output=embed&#038;iwloc=near\"\n\t\t\t\t\ttitle=\"Houston, Texas\"\n\t\t\t\t\taria-label=\"Houston, Texas\"\n\t\t\t><\/iframe>\n\t\t<\/div>\n\t\t\t\t\t\t<\/div>\n\t\t\t\t<\/div>\n\t\t\t\t<\/div>","protected":false},"excerpt":{"rendered":"<p>Our track record is backed by the trust of the media and our most important partners. MEDIA AND PARTNERS See upcoming events Request a quote Doray Castillo \u00b7 Event Management Rostros Magazine portrays Doray as a woman who has transformed business management into a living art form. Her story unfolds across offices, delivery riders, and stages, demonstrating how technique can be emotional and how production can have a soul. The article explores her evolution, her discipline, and her ability to turn every event into a memorable experience. Read the full interview Organizing events and supporting culture Movida Hispana introduces Doray as an event producer who does more than just put on shows\u2014she promotes culture. The video interview reveals her vision, her commitment to the Latino community, and her approach to each event as an act of connection. It\u2019s not just about logistics; it\u2019s about purpose. It\u2019s about creating spaces where art can thrive and the audience can find a sense of belonging. Watch the video interview A woman from Barquisimeto who has made it big in the United States El Impulso chronicles Doray\u2019s journey from Barquisimeto to Houston, highlighting her role as a cultural ambassador. The article celebrates her ability to produce with excellence, but also to represent her country with pride. Every event she organizes carries with it a piece of her history, her country, and her vision. And that makes her much more than just a producer: she is a unifying voice. Read the full article Ready to produce your next show? Request a quote<\/p>","protected":false},"author":1,"featured_media":0,"parent":0,"menu_order":0,"comment_status":"closed","ping_status":"closed","template":"elementor_header_footer","meta":{"footnotes":""},"class_list":["post-40","page","type-page","status-publish","hentry"],"_hostinger_reach_plugin_has_subscription_block":false,"_hostinger_reach_plugin_is_elementor":false,"_links":{"self":[{"href":"https:\/\/doray.academypm.net\/es\/wp-json\/wp\/v2\/pages\/40","targetHints":{"allow":["GET"]}}],"collection":[{"href":"https:\/\/doray.academypm.net\/es\/wp-json\/wp\/v2\/pages"}],"about":[{"href":"https:\/\/doray.academypm.net\/es\/wp-json\/wp\/v2\/types\/page"}],"author":[{"embeddable":true,"href":"https:\/\/doray.academypm.net\/es\/wp-json\/wp\/v2\/users\/1"}],"replies":[{"embeddable":true,"href":"https:\/\/doray.academypm.net\/es\/wp-json\/wp\/v2\/comments?post=40"}],"version-history":[{"count":53,"href":"https:\/\/doray.academypm.net\/es\/wp-json\/wp\/v2\/pages\/40\/revisions"}],"predecessor-version":[{"id":1182,"href":"https:\/\/doray.academypm.net\/es\/wp-json\/wp\/v2\/pages\/40\/revisions\/1182"}],"wp:attachment":[{"href":"https:\/\/doray.academypm.net\/es\/wp-json\/wp\/v2\/media?parent=40"}],"curies":[{"name":"wp","href":"https:\/\/api.w.org\/{rel}","templated":true}]}}